{"id":29715,"date":"2020-12-22T15:02:38","date_gmt":"2020-12-22T14:02:38","guid":{"rendered":"https:\/\/marbelon.ch\/product\/multi-color-argento\/"},"modified":"2022-04-11T14:22:49","modified_gmt":"2022-04-11T12:22:49","slug":"multi-color-argento","status":"publish","type":"product","link":"https:\/\/marbelon.de\/de\/product\/multi-color-argento\/","title":{"rendered":"Modern Grey"},"content":{"rendered":"<ul>\n<li>Natursteine aus der MARBELON Produktpalette verleihen jeder Inneneinrichtung einen Hauch von Luxus. Die in Struktur und Farbe abwechslungsreichen Steinarbeiten sind eine spannende Alternative zu normproduzierten Oberfl\u00e4chen. Als Fassadendekoration verleiht Naturstein Au\u00dfenw\u00e4nden bei Tageslicht ein Extra an Helligkeit und Brillanz.<\/li>\n<li>Bestellnr: MA1310<\/li>\n<li>100% handgemacht<\/li>\n<li>Materialien: Naturstein, Marmor<\/li>\n<li>Handgeschliffener Marmor und Naturstein, Netzunterlage<\/li>\n<li>Erschaffen Sie atemberaubende Wanddesigns f\u00fcr innen und au\u00dfen, die Ihr Zuhause optisch veredeln. Egal, was Sie damit zum Blickf\u00e4nger machen, Naturstein bleibt und bereitet Ihnen auch \u00fcber Jahre hinweg noch Freude.<\/li>\n<\/ul>\n","protected":false},"excerpt":{"rendered":"<p>Natursteine aus der MARBELON Produktpalette verleihen jeder Inneneinrichtung einen Hauch von Luxus. Die in Struktur und Farbe abwechslungsreichen Steinarbeiten sind eine spannende Alternative zu normproduzierten Oberfl\u00e4chen. Als Fassadendekoration verleiht Naturstein Au\u00dfenw\u00e4nden bei Tageslicht ein Extra an Helligkeit und Brillanz. Bestellnr: MA1310 100% handgemacht Materialien: Naturstein, Marmor Handgeschliffener Marmor und Naturstein, Netzunterlage Erschaffen Sie atemberaubende Wanddesigns [&hellip;]<\/p>\n","protected":false},"featured_media":29712,"template":"","meta":[],"product_cat":[59,96],"product_tag":[],"yoast_head":"<!-- This site is optimized with the Yoast SEO plugin v21.1 - https:\/\/yoast.com\/wordpress\/plugins\/seo\/ -->\n<title>Modern Grey - Marbelon<\/title>\n<meta name=\"robots\" content=\"index, follow, max-snippet:-1, max-image-preview:large, max-video-preview:-1\" \/>\n<link rel=\"canonical\" href=\"https:\/\/marbelon.de\/de\/product\/multi-color-argento\/\" \/>\n<meta property=\"og:locale\" content=\"de_DE\" \/>\n<meta property=\"og:type\" content=\"article\" \/>\n<meta property=\"og:title\" content=\"Modern Grey - Marbelon\" \/>\n<meta property=\"og:description\" content=\"Natursteine aus der MARBELON Produktpalette verleihen jeder Inneneinrichtung einen Hauch von Luxus. Die in Struktur und Farbe abwechslungsreichen Steinarbeiten sind eine spannende Alternative zu normproduzierten Oberfl\u00e4chen. Als Fassadendekoration verleiht Naturstein Au\u00dfenw\u00e4nden bei Tageslicht ein Extra an Helligkeit und Brillanz. Bestellnr: MA1310 100% handgemacht Materialien: Naturstein, Marmor Handgeschliffener Marmor und Naturstein, Netzunterlage Erschaffen Sie atemberaubende Wanddesigns [&hellip;]\" \/>\n<meta property=\"og:url\" content=\"https:\/\/marbelon.de\/de\/product\/multi-color-argento\/\" \/>\n<meta property=\"og:site_name\" content=\"Marbelon\" \/>\n<meta property=\"article:modified_time\" content=\"2022-04-11T12:22:49+00:00\" \/>\n<meta property=\"og:image\" content=\"https:\/\/marbelon.de\/wp-content\/uploads\/2020\/12\/6-2.jpg\" \/>\n\t<meta property=\"og:image:width\" content=\"1920\" \/>\n\t<meta property=\"og:image:height\" content=\"1080\" \/>\n\t<meta property=\"og:image:type\" content=\"image\/jpeg\" \/>\n<meta name=\"twitter:card\" content=\"summary_large_image\" \/>\n<meta name=\"twitter:label1\" content=\"Gesch\u00e4tzte Lesezeit\" \/>\n\t<meta name=\"twitter:data1\" content=\"1 Minute\" \/>\n<script type=\"application\/ld+json\" class=\"yoast-schema-graph\">{\"@context\":\"https:\/\/schema.org\",\"@graph\":[{\"@type\":\"WebPage\",\"@id\":\"https:\/\/marbelon.de\/de\/product\/multi-color-argento\/\",\"url\":\"https:\/\/marbelon.de\/de\/product\/multi-color-argento\/\",\"name\":\"Modern Grey - Marbelon\",\"isPartOf\":{\"@id\":\"https:\/\/marbelon.de\/#website\"},\"datePublished\":\"2020-12-22T14:02:38+00:00\",\"dateModified\":\"2022-04-11T12:22:49+00:00\",\"breadcrumb\":{\"@id\":\"https:\/\/marbelon.de\/de\/product\/multi-color-argento\/#breadcrumb\"},\"inLanguage\":\"de-DE\",\"potentialAction\":[{\"@type\":\"ReadAction\",\"target\":[\"https:\/\/marbelon.de\/de\/product\/multi-color-argento\/\"]}]},{\"@type\":\"BreadcrumbList\",\"@id\":\"https:\/\/marbelon.de\/de\/product\/multi-color-argento\/#breadcrumb\",\"itemListElement\":[{\"@type\":\"ListItem\",\"position\":1,\"name\":\"Home\",\"item\":\"https:\/\/marbelon.de\/de\/\"},{\"@type\":\"ListItem\",\"position\":2,\"name\":\"Shop\",\"item\":\"https:\/\/marbelon.de\/shop\/\"},{\"@type\":\"ListItem\",\"position\":3,\"name\":\"Modern Grey\"}]},{\"@type\":\"WebSite\",\"@id\":\"https:\/\/marbelon.de\/#website\",\"url\":\"https:\/\/marbelon.de\/\",\"name\":\"Marbelon\",\"description\":\"Luxury Art Stones\",\"publisher\":{\"@id\":\"https:\/\/marbelon.de\/#organization\"},\"potentialAction\":[{\"@type\":\"SearchAction\",\"target\":{\"@type\":\"EntryPoint\",\"urlTemplate\":\"https:\/\/marbelon.de\/?s={search_term_string}\"},\"query-input\":\"required name=search_term_string\"}],\"inLanguage\":\"de-DE\"},{\"@type\":\"Organization\",\"@id\":\"https:\/\/marbelon.de\/#organization\",\"name\":\"Marbelon\",\"url\":\"https:\/\/marbelon.de\/\",\"logo\":{\"@type\":\"ImageObject\",\"inLanguage\":\"de-DE\",\"@id\":\"https:\/\/marbelon.de\/#\/schema\/logo\/image\/\",\"url\":\"https:\/\/marbelon.ch\/wp-content\/uploads\/2020\/11\/MARBELON.png\",\"contentUrl\":\"https:\/\/marbelon.ch\/wp-content\/uploads\/2020\/11\/MARBELON.png\",\"width\":517,\"height\":101,\"caption\":\"Marbelon\"},\"image\":{\"@id\":\"https:\/\/marbelon.de\/#\/schema\/logo\/image\/\"}}]}<\/script>\n<!-- \/ Yoast SEO plugin. -->","yoast_head_json":{"title":"Modern Grey - Marbelon","robots":{"index":"index","follow":"follow","max-snippet":"max-snippet:-1","max-image-preview":"max-image-preview:large","max-video-preview":"max-video-preview:-1"},"canonical":"https:\/\/marbelon.de\/de\/product\/multi-color-argento\/","og_locale":"de_DE","og_type":"article","og_title":"Modern Grey - Marbelon","og_description":"Natursteine aus der MARBELON Produktpalette verleihen jeder Inneneinrichtung einen Hauch von Luxus. Die in Struktur und Farbe abwechslungsreichen Steinarbeiten sind eine spannende Alternative zu normproduzierten Oberfl\u00e4chen. Als Fassadendekoration verleiht Naturstein Au\u00dfenw\u00e4nden bei Tageslicht ein Extra an Helligkeit und Brillanz. Bestellnr: MA1310 100% handgemacht Materialien: Naturstein, Marmor Handgeschliffener Marmor und Naturstein, Netzunterlage Erschaffen Sie atemberaubende Wanddesigns [&hellip;]","og_url":"https:\/\/marbelon.de\/de\/product\/multi-color-argento\/","og_site_name":"Marbelon","article_modified_time":"2022-04-11T12:22:49+00:00","og_image":[{"width":1920,"height":1080,"url":"https:\/\/marbelon.de\/wp-content\/uploads\/2020\/12\/6-2.jpg","type":"image\/jpeg"}],"twitter_card":"summary_large_image","twitter_misc":{"Gesch\u00e4tzte Lesezeit":"1 Minute"},"schema":{"@context":"https:\/\/schema.org","@graph":[{"@type":"WebPage","@id":"https:\/\/marbelon.de\/de\/product\/multi-color-argento\/","url":"https:\/\/marbelon.de\/de\/product\/multi-color-argento\/","name":"Modern Grey - Marbelon","isPartOf":{"@id":"https:\/\/marbelon.de\/#website"},"datePublished":"2020-12-22T14:02:38+00:00","dateModified":"2022-04-11T12:22:49+00:00","breadcrumb":{"@id":"https:\/\/marbelon.de\/de\/product\/multi-color-argento\/#breadcrumb"},"inLanguage":"de-DE","potentialAction":[{"@type":"ReadAction","target":["https:\/\/marbelon.de\/de\/product\/multi-color-argento\/"]}]},{"@type":"BreadcrumbList","@id":"https:\/\/marbelon.de\/de\/product\/multi-color-argento\/#breadcrumb","itemListElement":[{"@type":"ListItem","position":1,"name":"Home","item":"https:\/\/marbelon.de\/de\/"},{"@type":"ListItem","position":2,"name":"Shop","item":"https:\/\/marbelon.de\/shop\/"},{"@type":"ListItem","position":3,"name":"Modern Grey"}]},{"@type":"WebSite","@id":"https:\/\/marbelon.de\/#website","url":"https:\/\/marbelon.de\/","name":"Marbelon","description":"Luxury Art Stones","publisher":{"@id":"https:\/\/marbelon.de\/#organization"},"potentialAction":[{"@type":"SearchAction","target":{"@type":"EntryPoint","urlTemplate":"https:\/\/marbelon.de\/?s={search_term_string}"},"query-input":"required name=search_term_string"}],"inLanguage":"de-DE"},{"@type":"Organization","@id":"https:\/\/marbelon.de\/#organization","name":"Marbelon","url":"https:\/\/marbelon.de\/","logo":{"@type":"ImageObject","inLanguage":"de-DE","@id":"https:\/\/marbelon.de\/#\/schema\/logo\/image\/","url":"https:\/\/marbelon.ch\/wp-content\/uploads\/2020\/11\/MARBELON.png","contentUrl":"https:\/\/marbelon.ch\/wp-content\/uploads\/2020\/11\/MARBELON.png","width":517,"height":101,"caption":"Marbelon"},"image":{"@id":"https:\/\/marbelon.de\/#\/schema\/logo\/image\/"}}]}},"_links":{"self":[{"href":"https:\/\/marbelon.de\/de\/wp-json\/wp\/v2\/product\/29715"}],"collection":[{"href":"https:\/\/marbelon.de\/de\/wp-json\/wp\/v2\/product"}],"about":[{"href":"https:\/\/marbelon.de\/de\/wp-json\/wp\/v2\/types\/product"}],"wp:featuredmedia":[{"embeddable":true,"href":"https:\/\/marbelon.de\/de\/wp-json\/wp\/v2\/media\/29712"}],"wp:attachment":[{"href":"https:\/\/marbelon.de\/de\/wp-json\/wp\/v2\/media?parent=29715"}],"wp:term":[{"taxonomy":"product_cat","embeddable":true,"href":"https:\/\/marbelon.de\/de\/wp-json\/wp\/v2\/product_cat?post=29715"},{"taxonomy":"product_tag","embeddable":true,"href":"https:\/\/marbelon.de\/de\/wp-json\/wp\/v2\/product_tag?post=29715"}],"curies":[{"name":"wp","href":"https:\/\/api.w.org\/{rel}","templated":true}]}}