{"id":32939,"date":"2021-04-19T16:38:00","date_gmt":"2021-04-19T14:38:00","guid":{"rendered":"https:\/\/marbelon.ch\/product\/grey-bricks-copy\/"},"modified":"2022-04-11T14:02:11","modified_gmt":"2022-04-11T12:02:11","slug":"grey-bricks-copy","status":"publish","type":"product","link":"https:\/\/marbelon.de\/de\/product\/grey-bricks-copy\/","title":{"rendered":"Grey Bricks"},"content":{"rendered":"<div class=\"wt-mb-xs-3\">\n<div class=\"wt-display-flex-xs\">\n<div class=\"wt-content-toggle--truncated-inline-single wt-width-full\">\n<ul>\n<li>Natursteine aus der MARBELON Produktpalette verleihen jeder Inneneinrichtung einen Hauch von Luxus. Die in Struktur und Farbe abwechslungsreichen Steinarbeiten sind eine spannende Alternative zu normproduzierten Oberfl\u00e4chen. Als Fassadendekoration verleiht Naturstein Au\u00dfenw\u00e4nden bei Tageslicht ein Extra an Helligkeit und Brillanz.<\/li>\n<li>Bestellnr: MA1860<\/li>\n<li>100% handgemacht<\/li>\n<li>Materialien: Naturstein, Marmor<\/li>\n<li>Handgeschliffener Marmor und Naturstein, Netzunterlage<\/li>\n<li>Erschaffen Sie atemberaubende Wanddesigns f\u00fcr innen und au\u00dfen, die Ihr Zuhause optisch veredeln. Egal, was Sie damit zum Blickf\u00e4nger machen, Naturstein bleibt und bereitet Ihnen auch \u00fcber Jahre hinweg noch Freude.<\/li>\n<\/ul>\n<\/div>\n<\/div>\n<\/div>\n","protected":false},"excerpt":{"rendered":"<p>Natursteine aus der MARBELON Produktpalette verleihen jeder Inneneinrichtung einen Hauch von Luxus. Die in Struktur und Farbe abwechslungsreichen Steinarbeiten sind eine spannende Alternative zu normproduzierten Oberfl\u00e4chen. Als Fassadendekoration verleiht Naturstein Au\u00dfenw\u00e4nden bei Tageslicht ein Extra an Helligkeit und Brillanz. Bestellnr: MA1860 100% handgemacht Materialien: Naturstein, Marmor Handgeschliffener Marmor und Naturstein, Netzunterlage Erschaffen Sie atemberaubende Wanddesigns [&hellip;]<\/p>\n","protected":false},"featured_media":31537,"template":"","meta":[],"product_cat":[59,93],"product_tag":[],"yoast_head":"<!-- This site is optimized with the Yoast SEO plugin v21.1 - https:\/\/yoast.com\/wordpress\/plugins\/seo\/ -->\n<title>Marbelon - Grey Bricks Natural Stone<\/title>\n<meta name=\"description\" content=\"MARBELON natural stone range adds luxurious touch to any interior. Natural, irregular and multi-color surface of the stone is an exciting alternative to standard finishing solutions. Natural stone also works well as a facade decoration. It adds luminance to a wall in daylight.\" \/>\n<meta name=\"robots\" content=\"index, follow, max-snippet:-1, max-image-preview:large, max-video-preview:-1\" \/>\n<link rel=\"canonical\" href=\"https:\/\/marbelon.de\/de\/product\/grey-bricks-copy\/\" \/>\n<meta property=\"og:locale\" content=\"de_DE\" \/>\n<meta property=\"og:type\" content=\"article\" \/>\n<meta property=\"og:title\" content=\"Marbelon - Grey Bricks Natural Stone\" \/>\n<meta property=\"og:description\" content=\"MARBELON natural stone range adds luxurious touch to any interior. Natural, irregular and multi-color surface of the stone is an exciting alternative to standard finishing solutions. Natural stone also works well as a facade decoration. It adds luminance to a wall in daylight.\" \/>\n<meta property=\"og:url\" content=\"https:\/\/marbelon.de\/de\/product\/grey-bricks-copy\/\" \/>\n<meta property=\"og:site_name\" content=\"Marbelon\" \/>\n<meta property=\"article:modified_time\" content=\"2022-04-11T12:02:11+00:00\" \/>\n<meta property=\"og:image\" content=\"https:\/\/marbelon.de\/wp-content\/uploads\/2021\/01\/1840-1-1.jpg\" \/>\n\t<meta property=\"og:image:width\" content=\"1920\" \/>\n\t<meta property=\"og:image:height\" content=\"1080\" \/>\n\t<meta property=\"og:image:type\" content=\"image\/jpeg\" \/>\n<meta name=\"twitter:card\" content=\"summary_large_image\" \/>\n<meta name=\"twitter:label1\" content=\"Gesch\u00e4tzte Lesezeit\" \/>\n\t<meta name=\"twitter:data1\" content=\"1 Minute\" \/>\n<script type=\"application\/ld+json\" class=\"yoast-schema-graph\">{\"@context\":\"https:\/\/schema.org\",\"@graph\":[{\"@type\":\"WebPage\",\"@id\":\"https:\/\/marbelon.de\/de\/product\/grey-bricks-copy\/\",\"url\":\"https:\/\/marbelon.de\/de\/product\/grey-bricks-copy\/\",\"name\":\"Marbelon - Grey Bricks Natural Stone\",\"isPartOf\":{\"@id\":\"https:\/\/marbelon.de\/#website\"},\"datePublished\":\"2021-04-19T14:38:00+00:00\",\"dateModified\":\"2022-04-11T12:02:11+00:00\",\"description\":\"MARBELON natural stone range adds luxurious touch to any interior. Natural, irregular and multi-color surface of the stone is an exciting alternative to standard finishing solutions. Natural stone also works well as a facade decoration. It adds luminance to a wall in daylight.\",\"breadcrumb\":{\"@id\":\"https:\/\/marbelon.de\/de\/product\/grey-bricks-copy\/#breadcrumb\"},\"inLanguage\":\"de-DE\",\"potentialAction\":[{\"@type\":\"ReadAction\",\"target\":[\"https:\/\/marbelon.de\/de\/product\/grey-bricks-copy\/\"]}]},{\"@type\":\"BreadcrumbList\",\"@id\":\"https:\/\/marbelon.de\/de\/product\/grey-bricks-copy\/#breadcrumb\",\"itemListElement\":[{\"@type\":\"ListItem\",\"position\":1,\"name\":\"Home\",\"item\":\"https:\/\/marbelon.de\/de\/\"},{\"@type\":\"ListItem\",\"position\":2,\"name\":\"Shop\",\"item\":\"https:\/\/marbelon.de\/shop\/\"},{\"@type\":\"ListItem\",\"position\":3,\"name\":\"Grey Bricks\"}]},{\"@type\":\"WebSite\",\"@id\":\"https:\/\/marbelon.de\/#website\",\"url\":\"https:\/\/marbelon.de\/\",\"name\":\"Marbelon\",\"description\":\"Luxury Art Stones\",\"publisher\":{\"@id\":\"https:\/\/marbelon.de\/#organization\"},\"potentialAction\":[{\"@type\":\"SearchAction\",\"target\":{\"@type\":\"EntryPoint\",\"urlTemplate\":\"https:\/\/marbelon.de\/?s={search_term_string}\"},\"query-input\":\"required name=search_term_string\"}],\"inLanguage\":\"de-DE\"},{\"@type\":\"Organization\",\"@id\":\"https:\/\/marbelon.de\/#organization\",\"name\":\"Marbelon\",\"url\":\"https:\/\/marbelon.de\/\",\"logo\":{\"@type\":\"ImageObject\",\"inLanguage\":\"de-DE\",\"@id\":\"https:\/\/marbelon.de\/#\/schema\/logo\/image\/\",\"url\":\"https:\/\/marbelon.ch\/wp-content\/uploads\/2020\/11\/MARBELON.png\",\"contentUrl\":\"https:\/\/marbelon.ch\/wp-content\/uploads\/2020\/11\/MARBELON.png\",\"width\":517,\"height\":101,\"caption\":\"Marbelon\"},\"image\":{\"@id\":\"https:\/\/marbelon.de\/#\/schema\/logo\/image\/\"}}]}<\/script>\n<!-- \/ Yoast SEO plugin. -->","yoast_head_json":{"title":"Marbelon - Grey Bricks Natural Stone","description":"MARBELON natural stone range adds luxurious touch to any interior. Natural, irregular and multi-color surface of the stone is an exciting alternative to standard finishing solutions. Natural stone also works well as a facade decoration. It adds luminance to a wall in daylight.","robots":{"index":"index","follow":"follow","max-snippet":"max-snippet:-1","max-image-preview":"max-image-preview:large","max-video-preview":"max-video-preview:-1"},"canonical":"https:\/\/marbelon.de\/de\/product\/grey-bricks-copy\/","og_locale":"de_DE","og_type":"article","og_title":"Marbelon - Grey Bricks Natural Stone","og_description":"MARBELON natural stone range adds luxurious touch to any interior. Natural, irregular and multi-color surface of the stone is an exciting alternative to standard finishing solutions. Natural stone also works well as a facade decoration. It adds luminance to a wall in daylight.","og_url":"https:\/\/marbelon.de\/de\/product\/grey-bricks-copy\/","og_site_name":"Marbelon","article_modified_time":"2022-04-11T12:02:11+00:00","og_image":[{"width":1920,"height":1080,"url":"https:\/\/marbelon.de\/wp-content\/uploads\/2021\/01\/1840-1-1.jpg","type":"image\/jpeg"}],"twitter_card":"summary_large_image","twitter_misc":{"Gesch\u00e4tzte Lesezeit":"1 Minute"},"schema":{"@context":"https:\/\/schema.org","@graph":[{"@type":"WebPage","@id":"https:\/\/marbelon.de\/de\/product\/grey-bricks-copy\/","url":"https:\/\/marbelon.de\/de\/product\/grey-bricks-copy\/","name":"Marbelon - Grey Bricks Natural Stone","isPartOf":{"@id":"https:\/\/marbelon.de\/#website"},"datePublished":"2021-04-19T14:38:00+00:00","dateModified":"2022-04-11T12:02:11+00:00","description":"MARBELON natural stone range adds luxurious touch to any interior. Natural, irregular and multi-color surface of the stone is an exciting alternative to standard finishing solutions. Natural stone also works well as a facade decoration. It adds luminance to a wall in daylight.","breadcrumb":{"@id":"https:\/\/marbelon.de\/de\/product\/grey-bricks-copy\/#breadcrumb"},"inLanguage":"de-DE","potentialAction":[{"@type":"ReadAction","target":["https:\/\/marbelon.de\/de\/product\/grey-bricks-copy\/"]}]},{"@type":"BreadcrumbList","@id":"https:\/\/marbelon.de\/de\/product\/grey-bricks-copy\/#breadcrumb","itemListElement":[{"@type":"ListItem","position":1,"name":"Home","item":"https:\/\/marbelon.de\/de\/"},{"@type":"ListItem","position":2,"name":"Shop","item":"https:\/\/marbelon.de\/shop\/"},{"@type":"ListItem","position":3,"name":"Grey Bricks"}]},{"@type":"WebSite","@id":"https:\/\/marbelon.de\/#website","url":"https:\/\/marbelon.de\/","name":"Marbelon","description":"Luxury Art Stones","publisher":{"@id":"https:\/\/marbelon.de\/#organization"},"potentialAction":[{"@type":"SearchAction","target":{"@type":"EntryPoint","urlTemplate":"https:\/\/marbelon.de\/?s={search_term_string}"},"query-input":"required name=search_term_string"}],"inLanguage":"de-DE"},{"@type":"Organization","@id":"https:\/\/marbelon.de\/#organization","name":"Marbelon","url":"https:\/\/marbelon.de\/","logo":{"@type":"ImageObject","inLanguage":"de-DE","@id":"https:\/\/marbelon.de\/#\/schema\/logo\/image\/","url":"https:\/\/marbelon.ch\/wp-content\/uploads\/2020\/11\/MARBELON.png","contentUrl":"https:\/\/marbelon.ch\/wp-content\/uploads\/2020\/11\/MARBELON.png","width":517,"height":101,"caption":"Marbelon"},"image":{"@id":"https:\/\/marbelon.de\/#\/schema\/logo\/image\/"}}]}},"_links":{"self":[{"href":"https:\/\/marbelon.de\/de\/wp-json\/wp\/v2\/product\/32939"}],"collection":[{"href":"https:\/\/marbelon.de\/de\/wp-json\/wp\/v2\/product"}],"about":[{"href":"https:\/\/marbelon.de\/de\/wp-json\/wp\/v2\/types\/product"}],"wp:featuredmedia":[{"embeddable":true,"href":"https:\/\/marbelon.de\/de\/wp-json\/wp\/v2\/media\/31537"}],"wp:attachment":[{"href":"https:\/\/marbelon.de\/de\/wp-json\/wp\/v2\/media?parent=32939"}],"wp:term":[{"taxonomy":"product_cat","embeddable":true,"href":"https:\/\/marbelon.de\/de\/wp-json\/wp\/v2\/product_cat?post=32939"},{"taxonomy":"product_tag","embeddable":true,"href":"https:\/\/marbelon.de\/de\/wp-json\/wp\/v2\/product_tag?post=32939"}],"curies":[{"name":"wp","href":"https:\/\/api.w.org\/{rel}","templated":true}]}}