{"id":33901,"date":"2022-07-19T15:55:17","date_gmt":"2022-07-19T13:55:17","guid":{"rendered":"https:\/\/marbelon.de\/product\/sandy\/"},"modified":"2022-07-20T13:52:17","modified_gmt":"2022-07-20T11:52:17","slug":"sandy","status":"publish","type":"product","link":"https:\/\/marbelon.de\/de\/product\/sandy\/","title":{"rendered":"Basalt sandgestrahlt"},"content":{"rendered":"<p>Gesandstrahlter Basalt hat den Vorteil, dass er eine dekorative Optik mit den sicheren, rutschfesten Eigenschaften einer f\u00fcr au\u00dfen geeigneten Oberfl\u00e4che vereint. Die ideale Wahl wenn man eine elegante Optik mit funktionalit\u00e4t in einem Wand- oder Bodenbelag verbinden m\u00f6chte.<\/p>\n","protected":false},"excerpt":{"rendered":"<p>Gesandstrahlter Basalt hat den Vorteil, dass er eine dekorative Optik mit den sicheren, rutschfesten Eigenschaften einer f\u00fcr au\u00dfen geeigneten Oberfl\u00e4che vereint. Die ideale Wahl wenn man eine elegante Optik mit funktionalit\u00e4t in einem Wand- oder Bodenbelag verbinden m\u00f6chte.<\/p>\n","protected":false},"featured_media":33897,"template":"","meta":[],"product_cat":[153,104],"product_tag":[],"yoast_head":"<!-- This site is optimized with the Yoast SEO plugin v21.1 - https:\/\/yoast.com\/wordpress\/plugins\/seo\/ -->\n<title>Basalt sandgestrahlt - Marbelon<\/title>\n<meta name=\"robots\" content=\"index, follow, max-snippet:-1, max-image-preview:large, max-video-preview:-1\" \/>\n<link rel=\"canonical\" href=\"https:\/\/marbelon.de\/de\/product\/sandy\/\" \/>\n<meta property=\"og:locale\" content=\"de_DE\" \/>\n<meta property=\"og:type\" content=\"article\" \/>\n<meta property=\"og:title\" content=\"Basalt sandgestrahlt - Marbelon\" \/>\n<meta property=\"og:description\" content=\"Gesandstrahlter Basalt hat den Vorteil, dass er eine dekorative Optik mit den sicheren, rutschfesten Eigenschaften einer f\u00fcr au\u00dfen geeigneten Oberfl\u00e4che vereint. Die ideale Wahl wenn man eine elegante Optik mit funktionalit\u00e4t in einem Wand- oder Bodenbelag verbinden m\u00f6chte.\" \/>\n<meta property=\"og:url\" content=\"https:\/\/marbelon.de\/de\/product\/sandy\/\" \/>\n<meta property=\"og:site_name\" content=\"Marbelon\" \/>\n<meta property=\"article:modified_time\" content=\"2022-07-20T11:52:17+00:00\" \/>\n<meta property=\"og:image\" content=\"https:\/\/marbelon.de\/wp-content\/uploads\/2022\/07\/Sandy.jpg\" \/>\n\t<meta property=\"og:image:width\" content=\"1920\" \/>\n\t<meta property=\"og:image:height\" content=\"1080\" \/>\n\t<meta property=\"og:image:type\" content=\"image\/jpeg\" \/>\n<meta name=\"twitter:card\" content=\"summary_large_image\" \/>\n<meta name=\"twitter:label1\" content=\"Gesch\u00e4tzte Lesezeit\" \/>\n\t<meta name=\"twitter:data1\" content=\"1 Minute\" \/>\n<script type=\"application\/ld+json\" class=\"yoast-schema-graph\">{\"@context\":\"https:\/\/schema.org\",\"@graph\":[{\"@type\":\"WebPage\",\"@id\":\"https:\/\/marbelon.de\/de\/product\/sandy\/\",\"url\":\"https:\/\/marbelon.de\/de\/product\/sandy\/\",\"name\":\"Basalt sandgestrahlt - Marbelon\",\"isPartOf\":{\"@id\":\"https:\/\/marbelon.de\/#website\"},\"datePublished\":\"2022-07-19T13:55:17+00:00\",\"dateModified\":\"2022-07-20T11:52:17+00:00\",\"breadcrumb\":{\"@id\":\"https:\/\/marbelon.de\/de\/product\/sandy\/#breadcrumb\"},\"inLanguage\":\"de-DE\",\"potentialAction\":[{\"@type\":\"ReadAction\",\"target\":[\"https:\/\/marbelon.de\/de\/product\/sandy\/\"]}]},{\"@type\":\"BreadcrumbList\",\"@id\":\"https:\/\/marbelon.de\/de\/product\/sandy\/#breadcrumb\",\"itemListElement\":[{\"@type\":\"ListItem\",\"position\":1,\"name\":\"Home\",\"item\":\"https:\/\/marbelon.de\/de\/\"},{\"@type\":\"ListItem\",\"position\":2,\"name\":\"Shop\",\"item\":\"https:\/\/marbelon.de\/shop\/\"},{\"@type\":\"ListItem\",\"position\":3,\"name\":\"Basalt sandgestrahlt\"}]},{\"@type\":\"WebSite\",\"@id\":\"https:\/\/marbelon.de\/#website\",\"url\":\"https:\/\/marbelon.de\/\",\"name\":\"Marbelon\",\"description\":\"Luxury Art Stones\",\"publisher\":{\"@id\":\"https:\/\/marbelon.de\/#organization\"},\"potentialAction\":[{\"@type\":\"SearchAction\",\"target\":{\"@type\":\"EntryPoint\",\"urlTemplate\":\"https:\/\/marbelon.de\/?s={search_term_string}\"},\"query-input\":\"required name=search_term_string\"}],\"inLanguage\":\"de-DE\"},{\"@type\":\"Organization\",\"@id\":\"https:\/\/marbelon.de\/#organization\",\"name\":\"Marbelon\",\"url\":\"https:\/\/marbelon.de\/\",\"logo\":{\"@type\":\"ImageObject\",\"inLanguage\":\"de-DE\",\"@id\":\"https:\/\/marbelon.de\/#\/schema\/logo\/image\/\",\"url\":\"https:\/\/marbelon.ch\/wp-content\/uploads\/2020\/11\/MARBELON.png\",\"contentUrl\":\"https:\/\/marbelon.ch\/wp-content\/uploads\/2020\/11\/MARBELON.png\",\"width\":517,\"height\":101,\"caption\":\"Marbelon\"},\"image\":{\"@id\":\"https:\/\/marbelon.de\/#\/schema\/logo\/image\/\"}}]}<\/script>\n<!-- \/ Yoast SEO plugin. -->","yoast_head_json":{"title":"Basalt sandgestrahlt - Marbelon","robots":{"index":"index","follow":"follow","max-snippet":"max-snippet:-1","max-image-preview":"max-image-preview:large","max-video-preview":"max-video-preview:-1"},"canonical":"https:\/\/marbelon.de\/de\/product\/sandy\/","og_locale":"de_DE","og_type":"article","og_title":"Basalt sandgestrahlt - Marbelon","og_description":"Gesandstrahlter Basalt hat den Vorteil, dass er eine dekorative Optik mit den sicheren, rutschfesten Eigenschaften einer f\u00fcr au\u00dfen geeigneten Oberfl\u00e4che vereint. Die ideale Wahl wenn man eine elegante Optik mit funktionalit\u00e4t in einem Wand- oder Bodenbelag verbinden m\u00f6chte.","og_url":"https:\/\/marbelon.de\/de\/product\/sandy\/","og_site_name":"Marbelon","article_modified_time":"2022-07-20T11:52:17+00:00","og_image":[{"width":1920,"height":1080,"url":"https:\/\/marbelon.de\/wp-content\/uploads\/2022\/07\/Sandy.jpg","type":"image\/jpeg"}],"twitter_card":"summary_large_image","twitter_misc":{"Gesch\u00e4tzte Lesezeit":"1 Minute"},"schema":{"@context":"https:\/\/schema.org","@graph":[{"@type":"WebPage","@id":"https:\/\/marbelon.de\/de\/product\/sandy\/","url":"https:\/\/marbelon.de\/de\/product\/sandy\/","name":"Basalt sandgestrahlt - Marbelon","isPartOf":{"@id":"https:\/\/marbelon.de\/#website"},"datePublished":"2022-07-19T13:55:17+00:00","dateModified":"2022-07-20T11:52:17+00:00","breadcrumb":{"@id":"https:\/\/marbelon.de\/de\/product\/sandy\/#breadcrumb"},"inLanguage":"de-DE","potentialAction":[{"@type":"ReadAction","target":["https:\/\/marbelon.de\/de\/product\/sandy\/"]}]},{"@type":"BreadcrumbList","@id":"https:\/\/marbelon.de\/de\/product\/sandy\/#breadcrumb","itemListElement":[{"@type":"ListItem","position":1,"name":"Home","item":"https:\/\/marbelon.de\/de\/"},{"@type":"ListItem","position":2,"name":"Shop","item":"https:\/\/marbelon.de\/shop\/"},{"@type":"ListItem","position":3,"name":"Basalt sandgestrahlt"}]},{"@type":"WebSite","@id":"https:\/\/marbelon.de\/#website","url":"https:\/\/marbelon.de\/","name":"Marbelon","description":"Luxury Art Stones","publisher":{"@id":"https:\/\/marbelon.de\/#organization"},"potentialAction":[{"@type":"SearchAction","target":{"@type":"EntryPoint","urlTemplate":"https:\/\/marbelon.de\/?s={search_term_string}"},"query-input":"required name=search_term_string"}],"inLanguage":"de-DE"},{"@type":"Organization","@id":"https:\/\/marbelon.de\/#organization","name":"Marbelon","url":"https:\/\/marbelon.de\/","logo":{"@type":"ImageObject","inLanguage":"de-DE","@id":"https:\/\/marbelon.de\/#\/schema\/logo\/image\/","url":"https:\/\/marbelon.ch\/wp-content\/uploads\/2020\/11\/MARBELON.png","contentUrl":"https:\/\/marbelon.ch\/wp-content\/uploads\/2020\/11\/MARBELON.png","width":517,"height":101,"caption":"Marbelon"},"image":{"@id":"https:\/\/marbelon.de\/#\/schema\/logo\/image\/"}}]}},"_links":{"self":[{"href":"https:\/\/marbelon.de\/de\/wp-json\/wp\/v2\/product\/33901"}],"collection":[{"href":"https:\/\/marbelon.de\/de\/wp-json\/wp\/v2\/product"}],"about":[{"href":"https:\/\/marbelon.de\/de\/wp-json\/wp\/v2\/types\/product"}],"wp:featuredmedia":[{"embeddable":true,"href":"https:\/\/marbelon.de\/de\/wp-json\/wp\/v2\/media\/33897"}],"wp:attachment":[{"href":"https:\/\/marbelon.de\/de\/wp-json\/wp\/v2\/media?parent=33901"}],"wp:term":[{"taxonomy":"product_cat","embeddable":true,"href":"https:\/\/marbelon.de\/de\/wp-json\/wp\/v2\/product_cat?post=33901"},{"taxonomy":"product_tag","embeddable":true,"href":"https:\/\/marbelon.de\/de\/wp-json\/wp\/v2\/product_tag?post=33901"}],"curies":[{"name":"wp","href":"https:\/\/api.w.org\/{rel}","templated":true}]}}